{"id":1271,"date":"2025-06-18T22:52:16","date_gmt":"2025-06-18T22:52:16","guid":{"rendered":"https:\/\/armazing.io\/?page_id=1271"},"modified":"2025-06-21T00:51:30","modified_gmt":"2025-06-21T00:51:30","slug":"impressum","status":"publish","type":"page","link":"https:\/\/armazing.io\/en\/impressum\/","title":{"rendered":"Impressum"},"content":{"rendered":"<div data-elementor-type=\"wp-page\" data-elementor-id=\"1271\" class=\"elementor elementor-1271\" data-elementor-post-type=\"page\">\n\t\t\t\t<div class=\"elementor-element elementor-element-bf154be e-flex e-con-boxed e-con e-parent\" data-id=\"bf154be\" data-element_type=\"container\" data-settings=\"{&quot;background_background&quot;:&quot;classic&quot;}\">\n\t\t\t\t\t<div class=\"e-con-inner\">\n\t\t<div class=\"elementor-element elementor-element-b5fa875 e-con-full e-flex e-con e-child\" data-id=\"b5fa875\" data-element_type=\"container\" data-settings=\"{&quot;background_background&quot;:&quot;classic&quot;}\">\n\t\t<div class=\"elementor-element elementor-element-de6e4ae e-con-full e-flex elementor-invisible e-con e-child\" data-id=\"de6e4ae\" data-element_type=\"container\" data-settings=\"{&quot;background_background&quot;:&quot;classic&quot;,&quot;animation&quot;:&quot;fadeInLeft&quot;}\">\n\t\t<div class=\"elementor-element elementor-element-2bd9388 e-con-full e-flex e-con e-child\" data-id=\"2bd9388\" data-element_type=\"container\" data-settings=\"{&quot;background_background&quot;:&quot;classic&quot;}\">\n\t\t\t\t<div class=\"elementor-element elementor-element-ca93407 elementor-widget elementor-widget-heading\" data-id=\"ca93407\" data-element_type=\"widget\" data-widget_type=\"heading.default\">\n\t\t\t\t<div class=\"elementor-widget-container\">\n\t\t\t\t\t<h1 class=\"elementor-heading-title elementor-size-default\">Impressum<\/h1>\t\t\t\t<\/div>\n\t\t\t\t<\/div>\n\t\t\t\t<\/div>\n\t\t\t\t<\/div>\n\t\t<div class=\"elementor-element elementor-element-3f479a1 e-con-full e-flex elementor-invisible e-con e-child\" data-id=\"3f479a1\" data-element_type=\"container\" data-settings=\"{&quot;animation&quot;:&quot;fadeInRight&quot;}\">\n\t\t\t\t<\/div>\n\t\t\t\t<\/div>\n\t\t<div class=\"elementor-element elementor-element-246fcfa e-con-full e-flex elementor-invisible e-con e-child\" data-id=\"246fcfa\" data-element_type=\"container\" data-settings=\"{&quot;background_background&quot;:&quot;classic&quot;,&quot;animation&quot;:&quot;fadeIn&quot;}\">\n\t\t\t\t<div class=\"elementor-element elementor-element-7114464 elementor-widget elementor-widget-heading\" data-id=\"7114464\" data-element_type=\"widget\" data-widget_type=\"heading.default\">\n\t\t\t\t<div class=\"elementor-widget-container\">\n\t\t\t\t\t<h2 class=\"elementor-heading-title elementor-size-default\">Angaben gem\u00e4\u00df \u00a7 5 TMG:<\/h2>\t\t\t\t<\/div>\n\t\t\t\t<\/div>\n\t\t\t\t<div class=\"elementor-element elementor-element-44cbabd elementor-widget elementor-widget-text-editor\" data-id=\"44cbabd\" data-element_type=\"widget\" data-widget_type=\"text-editor.default\">\n\t\t\t\t<div class=\"elementor-widget-container\">\n\t\t\t\t\t\t\t\t\t<p>Gawron UG (haftungsbeschr\u00e4nkt) Friedrich-Wilhelm-Stra\u00dfe 2 38100 Braunschweig Deutschland<\/p>\t\t\t\t\t\t\t\t<\/div>\n\t\t\t\t<\/div>\n\t\t\t\t<div class=\"elementor-element elementor-element-8e53654 elementor-widget elementor-widget-heading\" data-id=\"8e53654\" data-element_type=\"widget\" data-widget_type=\"heading.default\">\n\t\t\t\t<div class=\"elementor-widget-container\">\n\t\t\t\t\t<h2 class=\"elementor-heading-title elementor-size-default\">Handelsregister: <span style=\"font-size:20px;font-family:Montserrat\">HRB 210071<\/span><\/h2>\t\t\t\t<\/div>\n\t\t\t\t<\/div>\n\t\t\t\t<div class=\"elementor-element elementor-element-afa2082 elementor-widget elementor-widget-heading\" data-id=\"afa2082\" data-element_type=\"widget\" data-widget_type=\"heading.default\">\n\t\t\t\t<div class=\"elementor-widget-container\">\n\t\t\t\t\t<h2 class=\"elementor-heading-title elementor-size-default\">Registergericht: <span style=\"font-size:20px;font-family:Montserrat\">Amtsgericht Braunschweig<\/span><\/h2>\t\t\t\t<\/div>\n\t\t\t\t<\/div>\n\t\t\t\t<div class=\"elementor-element elementor-element-16ddd76 elementor-widget elementor-widget-heading\" data-id=\"16ddd76\" data-element_type=\"widget\" data-widget_type=\"heading.default\">\n\t\t\t\t<div class=\"elementor-widget-container\">\n\t\t\t\t\t<h2 class=\"elementor-heading-title elementor-size-default\">Vertreten durch den <br>Gesch\u00e4ftsf\u00fchrer :<br>\n<span style=\"font-size:20px;font-family:Montserrat\">Marcus Gawron<\/span><\/h2>\t\t\t\t<\/div>\n\t\t\t\t<\/div>\n\t\t\t\t<div class=\"elementor-element elementor-element-6be9062 elementor-widget elementor-widget-heading\" data-id=\"6be9062\" data-element_type=\"widget\" data-widget_type=\"heading.default\">\n\t\t\t\t<div class=\"elementor-widget-container\">\n\t\t\t\t\t<h2 class=\"elementor-heading-title elementor-size-default\">Kontakt:<\/h2>\t\t\t\t<\/div>\n\t\t\t\t<\/div>\n\t\t\t\t<div class=\"elementor-element elementor-element-4ec93b2 elementor-icon-list--layout-traditional elementor-list-item-link-full_width elementor-widget elementor-widget-icon-list\" data-id=\"4ec93b2\" data-element_type=\"widget\" data-widget_type=\"icon-list.default\">\n\t\t\t\t<div class=\"elementor-widget-container\">\n\t\t\t\t\t\t\t<ul class=\"elementor-icon-list-items\">\n\t\t\t\t\t\t\t<li class=\"elementor-icon-list-item\">\n\t\t\t\t\t\t\t\t\t\t\t<a href=\"tel:015254604711\">\n\n\t\t\t\t\t\t\t\t\t\t\t\t<span class=\"elementor-icon-list-icon\">\n\t\t\t\t\t\t\t<svg xmlns=\"http:\/\/www.w3.org\/2000\/svg\" width=\"30\" height=\"30\" viewbox=\"0 0 30 30\" fill=\"none\"><g clip-path=\"url(#clip0_2116_281)\"><path d=\"M21.0517 30C20.5356 29.9129 20.014 29.8472 19.5035 29.7348C17.5636 29.3082 15.7876 28.47 14.0661 27.51C11.3909 26.0173 9.00622 24.1454 6.92148 21.9032C4.38006 19.1694 2.27791 16.1444 0.953773 12.6255C0.471766 11.3449 0.117186 10.0327 0.0807784 8.65156C0.0435792 7.25936 0.39341 6.00645 1.38987 4.9902C2.18056 4.1829 2.94433 3.34156 3.79516 2.60233C5.11138 1.45944 6.54316 1.46815 7.81189 2.65773C9.15423 3.91617 10.4427 5.23635 11.6964 6.58423C12.6597 7.62027 12.6462 9.15098 11.7099 10.2116C11.0466 10.9627 10.3145 11.6528 9.6117 12.3691C9.55076 12.4316 9.48111 12.4855 9.36555 12.5876C11.2928 16.0273 13.9513 18.7009 17.4156 20.6258C17.995 20.0393 18.5403 19.4845 19.0896 18.9328C19.5368 18.4832 19.9879 18.0368 20.6045 17.8152C21.6176 17.4504 22.5847 17.5715 23.358 18.3067C24.7629 19.642 26.1321 21.0167 27.4618 22.4264C28.3989 23.4197 28.4313 24.9828 27.5346 26.0181C26.6759 27.0106 25.7411 27.9421 24.7969 28.8547C24.1289 29.5005 23.2796 29.825 22.3568 29.9461C22.2911 29.9548 22.2278 29.9818 22.1629 30.0008C21.7925 30 21.4221 30 21.0517 30ZM21.4695 28.2999C22.5262 28.3046 23.324 27.9936 23.9761 27.3121C24.6093 26.6504 25.256 26.0022 25.8963 25.3469C25.9778 25.263 26.0553 25.1759 26.129 25.0849C26.5801 24.5222 26.5856 23.9563 26.0957 23.426C25.5805 22.868 25.0336 22.3393 24.4969 21.8003C23.802 21.103 23.1111 20.4018 22.4059 19.7156C21.889 19.2138 21.3089 19.2074 20.7604 19.672C20.6567 19.7599 20.5601 19.858 20.4636 19.9538C19.794 20.621 19.13 21.2938 18.4556 21.9562C17.9728 22.4311 17.437 22.5174 16.8521 22.2222C16.4437 22.0156 16.0345 21.809 15.6419 21.5755C13.8785 20.5244 12.3447 19.1932 10.9596 17.687C9.73517 16.3558 8.61919 14.9477 7.86492 13.284C7.46681 12.4047 7.55149 11.975 8.24166 11.303C8.95398 10.6105 9.66868 9.91871 10.3509 9.19688C10.829 8.69113 10.8132 8.15768 10.3755 7.61948C10.2955 7.52133 10.2085 7.42873 10.119 7.3393C9.01809 6.23519 7.91795 5.13029 6.81463 4.02856C6.1031 3.31782 5.47625 3.3107 4.7663 4.01115C4.08642 4.68153 3.39388 5.34162 2.74883 6.04445C2.4457 6.37449 2.16868 6.76548 2.00643 7.17863C1.65264 8.07853 1.75554 9.02197 1.94391 9.94403C2.23438 11.3639 2.77258 12.6999 3.41209 13.9948C4.54073 16.2814 6.0097 18.3384 7.70979 20.23C10.7158 23.5764 14.2814 26.121 18.5142 27.6897C19.5051 28.0577 20.5348 28.2611 21.4695 28.2999Z\" fill=\"url(#paint0_linear_2116_281)\"><\/path><path d=\"M29.9998 13.5041C29.9926 13.5104 29.9816 13.516 29.9784 13.5239C29.7971 14.0257 29.5035 14.2702 29.1117 14.2457C28.6353 14.2148 28.3551 13.9418 28.249 13.3727C27.858 11.2737 27.0587 9.34648 25.8097 7.61473C24.1761 5.34875 22.0819 3.64233 19.4771 2.61816C18.5321 2.24696 17.5269 2.02614 16.5439 1.75704C16.001 1.60824 15.6931 1.20855 15.7976 0.721003C15.902 0.233455 16.3476 -0.00952716 16.9041 0.0925729C19.2666 0.524717 21.4329 1.42541 23.3862 2.82395C25.2311 4.14492 26.7436 5.77772 27.9134 7.72633C28.921 9.40505 29.5811 11.2136 29.9404 13.1353C29.9531 13.201 29.98 13.2643 29.9998 13.3284C29.9998 13.3877 29.9998 13.4455 29.9998 13.5041Z\" fill=\"url(#paint1_linear_2116_281)\"><\/path><path d=\"M16.4626 5.46271C16.9343 5.58459 17.486 5.67878 18.002 5.86953C21.5779 7.19049 23.7624 9.724 24.5404 13.4605C24.6377 13.9283 24.3663 14.3565 23.9199 14.4768C23.4861 14.5939 23.039 14.3415 22.8933 13.8816C22.6852 13.2247 22.5593 12.5321 22.2752 11.9108C21.0983 9.33459 19.099 7.76273 16.3201 7.1897C15.8421 7.09077 15.5714 6.81454 15.5469 6.40773C15.5215 5.99537 15.7447 5.65741 16.1302 5.53236C16.2125 5.50466 16.3004 5.49595 16.4626 5.46271Z\" fill=\"url(#paint2_linear_2116_281)\"><\/path><\/g><defs><lineargradient id=\"paint0_linear_2116_281\" x1=\"0.078125\" y1=\"17.7167\" x2=\"28.1871\" y2=\"19.0766\" gradientunits=\"userSpaceOnUse\"><stop stop-color=\"#8A2BE2\"><\/stop><stop offset=\"1\" stop-color=\"#FE77A8\"><\/stop><\/lineargradient><lineargradient id=\"paint1_linear_2116_281\" x1=\"15.7773\" y1=\"8.08144\" x2=\"29.9996\" y2=\"8.775\" gradientunits=\"userSpaceOnUse\"><stop stop-color=\"#8A2BE2\"><\/stop><stop offset=\"1\" stop-color=\"#FE77A8\"><\/stop><\/lineargradient><lineargradient id=\"paint2_linear_2116_281\" x1=\"15.5449\" y1=\"10.5727\" x2=\"24.5602\" y2=\"11.0096\" gradientunits=\"userSpaceOnUse\"><stop stop-color=\"#8A2BE2\"><\/stop><stop offset=\"1\" stop-color=\"#FE77A8\"><\/stop><\/lineargradient><clippath id=\"clip0_2116_281\"><rect width=\"30\" height=\"30\" fill=\"white\"><\/rect><\/clippath><\/defs><\/svg>\t\t\t\t\t\t<\/span>\n\t\t\t\t\t\t\t\t\t\t<span class=\"elementor-icon-list-text\">015254604711<\/span>\n\t\t\t\t\t\t\t\t\t\t\t<\/a>\n\t\t\t\t\t\t\t\t\t<\/li>\n\t\t\t\t\t\t\t\t<li class=\"elementor-icon-list-item\">\n\t\t\t\t\t\t\t\t\t\t\t<a href=\"mailto:Info@armazing.io\">\n\n\t\t\t\t\t\t\t\t\t\t\t\t<span class=\"elementor-icon-list-icon\">\n\t\t\t\t\t\t\t<svg xmlns=\"http:\/\/www.w3.org\/2000\/svg\" width=\"30\" height=\"30\" viewbox=\"0 0 30 30\" fill=\"none\"><path d=\"M0 6.02488C0.128174 5.40159 0.369141 4.84422 0.86792 4.41648C1.39233 3.96751 2.00171 3.80052 2.677 3.80052C8.85571 3.80198 15.0344 3.80125 21.2131 3.80125C23.25 3.80125 25.2869 3.79832 27.3237 3.80271C28.3901 3.80491 29.2185 4.24876 29.6807 5.22435C29.8462 5.57298 29.9348 5.99119 29.9363 6.37791C29.9517 12.1479 29.9509 17.9187 29.9443 23.6887C29.9429 25.2151 28.8508 26.2639 27.2944 26.2646C20.083 26.2661 12.8708 26.2654 5.65942 26.2654C4.66553 26.2654 3.6709 26.2485 2.67773 26.269C1.27954 26.2983 0.218994 25.3659 0.0395508 24.1494C0.0344238 24.1128 0.013916 24.0776 0 24.0417C0 18.0366 0 12.0307 0 6.02488ZM2.30347 5.08372C2.28442 5.11521 2.26611 5.14598 2.24707 5.17747C2.30713 5.2097 2.37598 5.2324 2.42505 5.27635C6.28564 8.79563 10.144 12.3179 14.0054 15.8357C14.6733 16.4436 15.2908 16.4297 15.9727 15.8086C19.7974 12.3215 23.6199 8.83299 27.4446 5.34666C27.5215 5.27708 27.6182 5.22947 27.7061 5.17161C27.6848 5.14231 27.6636 5.11302 27.6423 5.08372C19.196 5.08372 10.7498 5.08372 2.30347 5.08372ZM17.8462 15.7976C17.4543 16.1521 17.1306 16.4472 16.804 16.7387C16.3755 17.1211 15.9023 17.4133 15.3186 17.4939C14.4602 17.6133 13.7571 17.2954 13.1367 16.7344C12.8071 16.4363 12.4768 16.1382 12.0996 15.7969C8.79565 18.843 5.51001 21.8716 2.2251 24.9001C2.24121 24.928 2.25806 24.9558 2.27417 24.9836C10.7402 24.9836 19.2063 24.9836 27.6724 24.9836C27.6877 24.9551 27.7024 24.9258 27.7178 24.8972C24.4321 21.8686 21.1465 18.8401 17.8462 15.7976ZM1.33228 5.96702C1.19312 6.43431 1.21436 23.7641 1.33594 24.0256C4.60913 21.0066 7.88379 17.9846 11.1716 14.9516C7.90723 11.97 4.63403 8.98167 1.33228 5.96702ZM28.6648 24.0754C28.6648 18.022 28.6648 12.0176 28.6648 5.92088C25.3154 8.97947 22.0327 11.9773 18.7749 14.9516C22.0715 17.9927 25.3425 21.0102 28.6648 24.0754Z\" fill=\"url(#paint0_linear_2116_288)\"><\/path><defs><lineargradient id=\"paint0_linear_2116_288\" x1=\"1.98121e-08\" y1=\"16.4977\" x2=\"29.8941\" y2=\"18.4347\" gradientunits=\"userSpaceOnUse\"><stop stop-color=\"#8A2BE2\"><\/stop><stop offset=\"1\" stop-color=\"#FE77A8\"><\/stop><\/lineargradient><\/defs><\/svg>\t\t\t\t\t\t<\/span>\n\t\t\t\t\t\t\t\t\t\t<span class=\"elementor-icon-list-text\">Info@armazing.io<\/span>\n\t\t\t\t\t\t\t\t\t\t\t<\/a>\n\t\t\t\t\t\t\t\t\t<\/li>\n\t\t\t\t\t\t\t\t<li class=\"elementor-icon-list-item\">\n\t\t\t\t\t\t\t\t\t\t\t<a href=\"http:\/\/Www.armazing.io\">\n\n\t\t\t\t\t\t\t\t\t\t\t\t<span class=\"elementor-icon-list-icon\">\n\t\t\t\t\t\t\t<svg xmlns=\"http:\/\/www.w3.org\/2000\/svg\" width=\"30\" height=\"30\" viewbox=\"0 0 30 30\" fill=\"none\"><path d=\"M15 10.3106C11.3813 10.3106 8.4375 13.2562 8.4375 16.875C8.4375 20.4937 11.3813 23.4375 15 23.4375C18.6187 23.4375 21.5625 20.4937 21.5625 16.875C21.5625 13.2562 18.6187 10.3106 15 10.3106ZM14.5312 11.3437V13.3575H10.7081C11.1763 12.781 11.7564 12.3053 12.4135 11.9592C13.0706 11.6131 13.791 11.4038 14.5312 11.3437ZM15.4688 11.3437C16.209 11.4038 16.9294 11.6131 17.5865 11.9592C18.2436 12.3053 18.8237 12.781 19.2919 13.3575H15.4688V11.3437ZM10.0762 14.295H14.5312V16.4062H9.46873C9.52752 15.6688 9.73413 14.9508 10.0762 14.295ZM15.4688 14.295H19.9238C20.2659 14.9508 20.4725 15.6688 20.5313 16.4062H15.4688V14.295ZM9.47062 17.3437H14.5312V19.4531H10.0762C9.73484 18.7978 9.52887 18.0804 9.47062 17.3437ZM15.4688 17.3437H20.5294C20.4711 18.0804 20.2651 18.7977 19.9238 19.4531H15.4688V17.3437ZM10.7081 20.3906H14.5312V22.4053C13.791 22.3451 13.0705 22.1356 12.4135 21.7893C11.7564 21.443 11.1763 20.9672 10.7081 20.3906ZM15.4688 20.3906H19.2919C18.8237 20.9672 18.2436 21.443 17.5865 21.7893C16.9295 22.1356 16.209 22.3451 15.4688 22.4053V20.3906Z\" fill=\"url(#paint0_linear_2116_293)\"><\/path><path fill-rule=\"evenodd\" clip-rule=\"evenodd\" d=\"M12.4693 11.025C10.8906 14.9138 10.6281 18.6394 12.3512 22.68L13.2137 22.3144C11.5834 18.4922 11.8224 15.1116 13.3384 11.3785L12.4703 11.025H12.4693ZM17.485 11.025L16.6177 11.3785C18.1337 15.1116 18.3718 18.4922 16.7415 22.3135L17.604 22.6791C19.3271 18.6394 19.0647 14.9128 17.485 11.025Z\" fill=\"url(#paint1_linear_2116_293)\"><\/path><path d=\"M2.34375 1.875C2.21943 1.875 2.10018 1.92439 2.01227 2.0123C1.92436 2.1002 1.875 2.21943 1.875 2.34375V27.6563C1.875 27.7806 1.92436 27.8998 2.01227 27.9877C2.10018 28.0756 2.21943 28.125 2.34375 28.125H27.6562C27.7806 28.125 27.8998 28.0756 27.9877 27.9877C28.0756 27.8998 28.125 27.7806 28.125 27.6563V2.34375C28.125 2.21943 28.0756 2.1002 27.9877 2.0123C27.8998 1.92439 27.7806 1.875 27.6562 1.875H2.34375ZM2.8125 2.8125H27.1875V27.1875H2.8125V2.8125Z\" fill=\"url(#paint2_linear_2116_293)\"><\/path><path fill-rule=\"evenodd\" clip-rule=\"evenodd\" d=\"M2.34375 5.625V6.5625H27.6562V5.625H2.34375Z\" fill=\"url(#paint3_linear_2116_293)\"><\/path><path d=\"M4.6875 4.21875C4.6875 4.34307 4.63814 4.4623 4.55023 4.55021C4.46232 4.63811 4.34307 4.6875 4.21875 4.6875C4.09443 4.6875 3.97518 4.63811 3.88727 4.55021C3.79936 4.4623 3.75 4.34307 3.75 4.21875C3.75 4.09443 3.79936 3.9752 3.88727 3.8873C3.97518 3.79939 4.09443 3.75 4.21875 3.75C4.34307 3.75 4.46232 3.79939 4.55023 3.8873C4.63814 3.9752 4.6875 4.09443 4.6875 4.21875ZM6.5625 4.21875C6.5625 4.34307 6.51314 4.4623 6.42523 4.55021C6.33732 4.63811 6.21807 4.6875 6.09375 4.6875C5.96943 4.6875 5.85018 4.63811 5.76227 4.55021C5.67436 4.4623 5.625 4.34307 5.625 4.21875C5.625 4.09443 5.67436 3.9752 5.76227 3.8873C5.85018 3.79939 5.96943 3.75 6.09375 3.75C6.21807 3.75 6.33732 3.79939 6.42523 3.8873C6.51314 3.9752 6.5625 4.09443 6.5625 4.21875ZM8.4375 4.21875C8.4375 4.34307 8.38814 4.4623 8.30023 4.55021C8.21232 4.63811 8.09307 4.6875 7.96875 4.6875C7.84443 4.6875 7.72518 4.63811 7.63727 4.55021C7.54936 4.4623 7.5 4.34307 7.5 4.21875C7.5 4.09443 7.54936 3.9752 7.63727 3.8873C7.72518 3.79939 7.84443 3.75 7.96875 3.75C8.09307 3.75 8.21232 3.79939 8.30023 3.8873C8.38814 3.9752 8.4375 4.09443 8.4375 4.21875Z\" fill=\"url(#paint4_linear_2116_293)\"><\/path><defs><lineargradient id=\"paint0_linear_2116_293\" x1=\"8.4375\" y1=\"17.7286\" x2=\"21.5625\" y2=\"18.3665\" gradientunits=\"userSpaceOnUse\"><stop stop-color=\"#8A2BE2\"><\/stop><stop offset=\"1\" stop-color=\"#FE77A8\"><\/stop><\/lineargradient><lineargradient id=\"paint1_linear_2116_293\" x1=\"11.168\" y1=\"17.6113\" x2=\"18.7975\" y2=\"17.8537\" gradientunits=\"userSpaceOnUse\"><stop stop-color=\"#8A2BE2\"><\/stop><stop offset=\"1\" stop-color=\"#FE77A8\"><\/stop><\/lineargradient><lineargradient id=\"paint2_linear_2116_293\" x1=\"1.875\" y1=\"16.7088\" x2=\"28.125\" y2=\"17.9849\" gradientunits=\"userSpaceOnUse\"><stop stop-color=\"#8A2BE2\"><\/stop><stop offset=\"1\" stop-color=\"#FE77A8\"><\/stop><\/lineargradient><lineargradient id=\"paint3_linear_2116_293\" x1=\"2.34375\" y1=\"6.15478\" x2=\"11.6622\" y2=\"18.3858\" gradientunits=\"userSpaceOnUse\"><stop stop-color=\"#8A2BE2\"><\/stop><stop offset=\"1\" stop-color=\"#FE77A8\"><\/stop><\/lineargradient><lineargradient id=\"paint4_linear_2116_293\" x1=\"3.75\" y1=\"4.27978\" x2=\"8.18647\" y2=\"5.35813\" gradientunits=\"userSpaceOnUse\"><stop stop-color=\"#8A2BE2\"><\/stop><stop offset=\"1\" stop-color=\"#FE77A8\"><\/stop><\/lineargradient><\/defs><\/svg>\t\t\t\t\t\t<\/span>\n\t\t\t\t\t\t\t\t\t\t<span class=\"elementor-icon-list-text\">Www.armazing.io<\/span>\n\t\t\t\t\t\t\t\t\t\t\t<\/a>\n\t\t\t\t\t\t\t\t\t<\/li>\n\t\t\t\t\t\t<\/ul>\n\t\t\t\t\t\t<\/div>\n\t\t\t\t<\/div>\n\t\t\t\t<div class=\"elementor-element elementor-element-3c31595 elementor-widget elementor-widget-heading\" data-id=\"3c31595\" data-element_type=\"widget\" data-widget_type=\"heading.default\">\n\t\t\t\t<div class=\"elementor-widget-container\">\n\t\t\t\t\t<h2 class=\"elementor-heading-title elementor-size-default\">Umsatzsteuer-ID :<\/h2>\t\t\t\t<\/div>\n\t\t\t\t<\/div>\n\t\t\t\t<div class=\"elementor-element elementor-element-6b501c4 elementor-widget elementor-widget-text-editor\" data-id=\"6b501c4\" data-element_type=\"widget\" data-widget_type=\"text-editor.default\">\n\t\t\t\t<div class=\"elementor-widget-container\">\n\t\t\t\t\t\t\t\t\t<p>Umsatzsteuer-Identifikationsnummer gem\u00e4\u00df \u00a7 27a<br \/>Umsatzsteuergesetz: DE358796279<\/p>\t\t\t\t\t\t\t\t<\/div>\n\t\t\t\t<\/div>\n\t\t\t\t<div class=\"elementor-element elementor-element-d6c9a61 elementor-widget elementor-widget-heading\" data-id=\"d6c9a61\" data-element_type=\"widget\" data-widget_type=\"heading.default\">\n\t\t\t\t<div class=\"elementor-widget-container\">\n\t\t\t\t\t<h2 class=\"elementor-heading-title elementor-size-default\">Verantwortlich f\u00fcr den Inhalt nach \u00a7 55 Abs. 2 RStV:<\/h2>\t\t\t\t<\/div>\n\t\t\t\t<\/div>\n\t\t\t\t<div class=\"elementor-element elementor-element-b284d22 elementor-widget elementor-widget-text-editor\" data-id=\"b284d22\" data-element_type=\"widget\" data-widget_type=\"text-editor.default\">\n\t\t\t\t<div class=\"elementor-widget-container\">\n\t\t\t\t\t\t\t\t\t<p>Marcus Gawron Friedrich-Wilhelm-Stra\u00dfe 2 38100 Braunschweig<\/p>\t\t\t\t\t\t\t\t<\/div>\n\t\t\t\t<\/div>\n\t\t\t\t<div class=\"elementor-element elementor-element-de06f73 elementor-widget elementor-widget-heading\" data-id=\"de06f73\" data-element_type=\"widget\" data-widget_type=\"heading.default\">\n\t\t\t\t<div class=\"elementor-widget-container\">\n\t\t\t\t\t<h2 class=\"elementor-heading-title elementor-size-default\">Plattform der EU-Kommission zur Online-Streitbeilegung<\/h2>\t\t\t\t<\/div>\n\t\t\t\t<\/div>\n\t\t\t\t<div class=\"elementor-element elementor-element-8c75fec elementor-widget elementor-widget-text-editor\" data-id=\"8c75fec\" data-element_type=\"widget\" data-widget_type=\"text-editor.default\">\n\t\t\t\t<div class=\"elementor-widget-container\">\n\t\t\t\t\t\t\t\t\t<p>Die Europ\u00e4ische Kommission stellt eine Plattform zur OnlineStreitbeilegung (OS) bereit: https:\/\/ec.europa.eu\/consumers\/odr\/ <br \/><br \/>Wir sind nicht verpflichtet und nicht bereit, an einem Streitbeilegungsverfahren vor einer Verbraucherschlichtungsstelle teilzunehmen.<\/p>\t\t\t\t\t\t\t\t<\/div>\n\t\t\t\t<\/div>\n\t\t\t\t<div class=\"elementor-element elementor-element-4274cb9 elementor-widget elementor-widget-heading\" data-id=\"4274cb9\" data-element_type=\"widget\" data-widget_type=\"heading.default\">\n\t\t\t\t<div class=\"elementor-widget-container\">\n\t\t\t\t\t<h2 class=\"elementor-heading-title elementor-size-default\">Haftungsausschluss<\/h2>\t\t\t\t<\/div>\n\t\t\t\t<\/div>\n\t\t\t\t<div class=\"elementor-element elementor-element-9cf293e elementor-widget elementor-widget-text-editor\" data-id=\"9cf293e\" data-element_type=\"widget\" data-widget_type=\"text-editor.default\">\n\t\t\t\t<div class=\"elementor-widget-container\">\n\t\t\t\t\t\t\t\t\t<p>Gem\u00e4\u00df \u00a7 7 Abs. 1 TMG sind wir f\u00fcr eigene Inhalte auf diesen Seiten nach den allgemeinen Gesetzen verantwortlich. <br \/><br \/>Nach \u00a7\u00a7 8 bis 10 TMG sind wir jedoch nicht verpflichtet, \u00fcbermittelte oder gespeicherte fremde Informationen zu \u00fcberwachen oder nach Umst\u00e4nden zu forschen, die auf eine rechtswidrige T\u00e4tigkeit hinweisen. <br \/><br \/>Verpflichtungen zur Entfernung oder Sperrung der Nutzung von Informationen nach den allgemeinen Gesetzen bleiben hiervon unber\u00fchrt. <br \/><br \/>Eine diesbez\u00fcgliche Haftung ist jedoch erst ab dem Zeitpunkt der Kenntnis einer konkreten Rechtsverletzung m\u00f6glich. <br \/><br \/>Bei Bekanntwerden von entsprechenden Rechtsverletzungen werden wir diese Inhalte umgehend entfernen.<\/p>\t\t\t\t\t\t\t\t<\/div>\n\t\t\t\t<\/div>\n\t\t\t\t<div class=\"elementor-element elementor-element-074c198 elementor-widget elementor-widget-heading\" data-id=\"074c198\" data-element_type=\"widget\" data-widget_type=\"heading.default\">\n\t\t\t\t<div class=\"elementor-widget-container\">\n\t\t\t\t\t<h2 class=\"elementor-heading-title elementor-size-default\">Haftung f\u00fcr Links<\/h2>\t\t\t\t<\/div>\n\t\t\t\t<\/div>\n\t\t\t\t<div class=\"elementor-element elementor-element-b09169b elementor-widget elementor-widget-text-editor\" data-id=\"b09169b\" data-element_type=\"widget\" data-widget_type=\"text-editor.default\">\n\t\t\t\t<div class=\"elementor-widget-container\">\n\t\t\t\t\t\t\t\t\t<p>Unsere Website enth\u00e4lt Links zu externen Webseiten Dritter, auf deren Inhalte wir keinen Einfluss haben.<br \/><br \/>Deshalb k\u00f6nnen wir f\u00fcr diese fremden Inhalte auch keine Gew\u00e4hr \u00fcbernehmen. <br \/><br \/>F\u00fcr die Inhalte der verlinkten Seiten ist stets der jeweilige Anbieter oder Betreiber der Seiten verantwortlich. <br \/><br \/>Die verlinkten Seiten wurden zum Zeitpunkt der Verlinkung auf m\u00f6gliche Rechtsverst\u00f6\u00dfe \u00fcberpr\u00fcft. Rechtswidrige Inhalte waren zum Zeitpunkt der Verlinkung nicht erkennbar. <br \/><br \/>Eine permanente inhaltliche Kontrolle der verlinkten Seiten ist jedoch ohne konkrete Anhaltspunkte einer Rechtsverletzung nicht zumutbar. <br \/><br \/>Bei Bekanntwerden von Rechtsverletzungen werden wir derartige Links umgehend entfernen.<\/p>\t\t\t\t\t\t\t\t<\/div>\n\t\t\t\t<\/div>\n\t\t\t\t<div class=\"elementor-element elementor-element-622abef elementor-widget elementor-widget-heading\" data-id=\"622abef\" data-element_type=\"widget\" data-widget_type=\"heading.default\">\n\t\t\t\t<div class=\"elementor-widget-container\">\n\t\t\t\t\t<h2 class=\"elementor-heading-title elementor-size-default\">Urheberrecht<\/h2>\t\t\t\t<\/div>\n\t\t\t\t<\/div>\n\t\t\t\t<div class=\"elementor-element elementor-element-fb924eb elementor-widget elementor-widget-text-editor\" data-id=\"fb924eb\" data-element_type=\"widget\" data-widget_type=\"text-editor.default\">\n\t\t\t\t<div class=\"elementor-widget-container\">\n\t\t\t\t\t\t\t\t\t<p>Die durch die Seitenbetreiber erstellten Inhalte und Werke auf diesen Seiten unterliegen dem deutschen Urheberrecht. <br \/><br \/>Beitr\u00e4ge Dritter sind als solche gekennzeichnet.<br \/><br \/>Die Vervielf\u00e4ltigung, Bearbeitung, Verbreitung und jede Art der Verwertung au\u00dferhalb der Grenzen des Urheberrechtes bed\u00fcrfen der schriftlichen Zustimmung des jeweiligen Autors bzw. Erstellers. <br \/><br \/>Downloads und Kopien dieser Seite sind nur f\u00fcr den privaten, nicht kommerziellen Gebrauch gestattet.<br \/><br \/>Wir bem\u00fchen uns, stets die Urheberrechte anderer zu beachten bzw. auf selbst erstellte sowie lizenzfreie Werke zur\u00fcckzugreifen.<\/p>\t\t\t\t\t\t\t\t<\/div>\n\t\t\t\t<\/div>\n\t\t\t\t<\/div>\n\t\t\t\t\t<\/div>\n\t\t\t\t<\/div>\n\t\t\t\t<\/div>","protected":false},"excerpt":{"rendered":"<p>Impressum Angaben gem\u00e4\u00df \u00a7 5 TMG: Gawron UG (haftungsbeschr\u00e4nkt) Friedrich-Wilhelm-Stra\u00dfe 2 38100 Braunschweig Deutschland Handelsregister: HRB 210071 Registergericht: Amtsgericht Braunschweig Vertreten durch den Gesch\u00e4ftsf\u00fchrer : Marcus Gawron Kontakt: 015254604711 Info@armazing.io Www.armazing.io Umsatzsteuer-ID : Umsatzsteuer-Identifikationsnummer gem\u00e4\u00df \u00a7 27aUmsatzsteuergesetz: DE358796279 Verantwortlich f\u00fcr den Inhalt nach \u00a7 55 Abs. 2 RStV: Marcus Gawron Friedrich-Wilhelm-Stra\u00dfe 2 38100 Braunschweig Plattform [&hellip;]<\/p>","protected":false},"author":2,"featured_media":0,"parent":0,"menu_order":0,"comment_status":"closed","ping_status":"closed","template":"elementor_header_footer","meta":{"footnotes":""},"class_list":["post-1271","page","type-page","status-publish","hentry"],"_links":{"self":[{"href":"https:\/\/armazing.io\/en\/wp-json\/wp\/v2\/pages\/1271","targetHints":{"allow":["GET"]}}],"collection":[{"href":"https:\/\/armazing.io\/en\/wp-json\/wp\/v2\/pages"}],"about":[{"href":"https:\/\/armazing.io\/en\/wp-json\/wp\/v2\/types\/page"}],"author":[{"embeddable":true,"href":"https:\/\/armazing.io\/en\/wp-json\/wp\/v2\/users\/2"}],"replies":[{"embeddable":true,"href":"https:\/\/armazing.io\/en\/wp-json\/wp\/v2\/comments?post=1271"}],"version-history":[{"count":0,"href":"https:\/\/armazing.io\/en\/wp-json\/wp\/v2\/pages\/1271\/revisions"}],"wp:attachment":[{"href":"https:\/\/armazing.io\/en\/wp-json\/wp\/v2\/media?parent=1271"}],"curies":[{"name":"wp","href":"https:\/\/api.w.org\/{rel}","templated":true}]}}