{"id":1267,"date":"2025-06-18T22:50:23","date_gmt":"2025-06-18T22:50:23","guid":{"rendered":"https:\/\/armazing.io\/?page_id=1267"},"modified":"2025-08-05T12:23:23","modified_gmt":"2025-08-05T12:23:23","slug":"about-us","status":"publish","type":"page","link":"https:\/\/armazing.io\/en\/about-us\/","title":{"rendered":"About Us"},"content":{"rendered":"<div data-elementor-type=\"wp-page\" data-elementor-id=\"1267\" class=\"elementor elementor-1267\" data-elementor-post-type=\"page\">\n\t\t\t\t<div class=\"elementor-element elementor-element-959ecda e-flex e-con-boxed e-con e-parent\" data-id=\"959ecda\" data-element_type=\"container\" data-settings=\"{&quot;background_background&quot;:&quot;classic&quot;}\">\n\t\t\t\t\t<div class=\"e-con-inner\">\n\t\t<div class=\"elementor-element elementor-element-65ae9e7 e-con-full e-flex e-con e-child\" data-id=\"65ae9e7\" data-element_type=\"container\" data-settings=\"{&quot;background_background&quot;:&quot;classic&quot;}\">\n\t\t<div class=\"elementor-element elementor-element-c4518e6 e-con-full e-flex e-con e-child\" data-id=\"c4518e6\" data-element_type=\"container\" data-settings=\"{&quot;background_background&quot;:&quot;gradient&quot;}\">\n\t\t\t\t<div class=\"elementor-element elementor-element-1248916 elementor-widget elementor-widget-heading\" data-id=\"1248916\" data-element_type=\"widget\" data-widget_type=\"heading.default\">\n\t\t\t\t<div class=\"elementor-widget-container\">\n\t\t\t\t\t<h1 class=\"elementor-heading-title elementor-size-default\"><span style=\"color: #1E90FE\">Shaping the Future <\/span> Together: Innovation Meets Expertise.<\/h1>\t\t\t\t<\/div>\n\t\t\t\t<\/div>\n\t\t\t\t<div class=\"elementor-element elementor-element-34bc53c elementor-widget elementor-widget-heading\" data-id=\"34bc53c\" data-element_type=\"widget\" data-widget_type=\"heading.default\">\n\t\t\t\t<div class=\"elementor-widget-container\">\n\t\t\t\t\t<h3 class=\"elementor-heading-title elementor-size-default\">Be ARmazing<\/h3>\t\t\t\t<\/div>\n\t\t\t\t<\/div>\n\t\t\t\t<\/div>\n\t\t\t\t<\/div>\n\t\t<div class=\"elementor-element elementor-element-6718188 e-con-full e-flex e-con e-child\" data-id=\"6718188\" data-element_type=\"container\">\n\t\t<div class=\"elementor-element elementor-element-7b82ac5 e-con-full e-flex e-con e-child\" data-id=\"7b82ac5\" data-element_type=\"container\" id=\"ar_mazing_about_3d\">\n\t\t\t\t<div class=\"elementor-element elementor-element-597f488 elementor-widget elementor-widget-html\" data-id=\"597f488\" data-element_type=\"widget\" data-widget_type=\"html.default\">\n\t\t\t\t<div class=\"elementor-widget-container\">\n\t\t\t\t\t<script>(function(m,i){var d=document,s='script';var\nf=d.getElementsByTagName(s)[0],\nj=d.createElement(s),c='https:\/\/cdn.bitreality.com\/v.js?i='+i+'&m='+m;j.async=\ntrue;\nj.src=c;f.parentNode.insertBefore(j,f);})('ar_mazing_about_3d',\n'dwa2v8mapcfs26');<\/script>\n <script>\n const onLuxInit = async () => {\n \/\/ Ensure that the background always is transparent.\n const engine = window.lux._engine;\n const setEnvInfo = engine.services.environment.setEnvironmentInfo;\n engine.services.environment.setEnvironmentInfo = async (info) => {\n await setEnvInfo(info);\n engine.services.render._scene.background = null;\n }\n };\n if(window.lux) {\n \/\/ Viewer already is initialized\n onLuxInit();\n } else {\n \/\/ Wait for the viewer to be initialized\n document.addEventListener(\"lux_initialized\", onLuxInit);\n }\n <\/script>\t\t\t\t<\/div>\n\t\t\t\t<\/div>\n\t\t\t\t<\/div>\n\t\t\t\t<\/div>\n\t\t\t\t\t<\/div>\n\t\t\t\t<\/div>\n\t\t<div class=\"elementor-element elementor-element-42a3646 e-con-full e-flex e-con e-parent\" data-id=\"42a3646\" data-element_type=\"container\">\n\t\t<div class=\"elementor-element elementor-element-050af97 e-con-full e-flex elementor-invisible e-con e-child\" data-id=\"050af97\" data-element_type=\"container\" data-settings=\"{&quot;background_background&quot;:&quot;classic&quot;,&quot;animation&quot;:&quot;fadeInUp&quot;,&quot;animation_delay&quot;:600}\">\n\t\t<div class=\"elementor-element elementor-element-bb9d45f e-con-full e-flex elementor-invisible e-con e-child\" data-id=\"bb9d45f\" data-element_type=\"container\" data-settings=\"{&quot;animation&quot;:&quot;fadeInLeft&quot;,&quot;animation_delay&quot;:0}\">\n\t\t\t\t<div class=\"elementor-element elementor-element-e7b2c6b elementor-widget elementor-widget-image\" data-id=\"e7b2c6b\" data-element_type=\"widget\" data-widget_type=\"image.default\">\n\t\t\t\t<div class=\"elementor-widget-container\">\n\t\t\t\t\t\t\t\t\t\t\t\t\t\t\t<img fetchpriority=\"high\" decoding=\"async\" width=\"709\" height=\"452\" src=\"https:\/\/armazing.io\/wp-content\/uploads\/2025\/06\/Frame-21-6.webp\" class=\"attachment-medium_large size-medium_large wp-image-1654\" alt=\"\" srcset=\"https:\/\/armazing.io\/wp-content\/uploads\/2025\/06\/Frame-21-6.webp 709w, https:\/\/armazing.io\/wp-content\/uploads\/2025\/06\/Frame-21-6-300x191.webp 300w\" sizes=\"(max-width: 709px) 100vw, 709px\" \/>\t\t\t\t\t\t\t\t\t\t\t\t\t\t\t<\/div>\n\t\t\t\t<\/div>\n\t\t\t\t<\/div>\n\t\t<div class=\"elementor-element elementor-element-37b5b2d e-con-full e-flex elementor-invisible e-con e-child\" data-id=\"37b5b2d\" data-element_type=\"container\" data-settings=\"{&quot;animation&quot;:&quot;fadeInRight&quot;}\">\n\t\t\t\t<div class=\"elementor-element elementor-element-dd5f0a1 elementor-widget elementor-widget-heading\" data-id=\"dd5f0a1\" data-element_type=\"widget\" data-widget_type=\"heading.default\">\n\t\t\t\t<div class=\"elementor-widget-container\">\n\t\t\t\t\t<h2 class=\"elementor-heading-title elementor-size-default\">Introduction<\/h2>\t\t\t\t<\/div>\n\t\t\t\t<\/div>\n\t\t\t\t<div class=\"elementor-element elementor-element-9b79c6e elementor-widget elementor-widget-text-editor\" data-id=\"9b79c6e\" data-element_type=\"widget\" data-widget_type=\"text-editor.default\">\n\t\t\t\t<div class=\"elementor-widget-container\">\n\t\t\t\t\t\t\t\t\tARmazing stands for innovation, expertise, and passion in 3D visualization and augmented reality.\nAs one of the few companies in the industry, we combine the three key competencies: state-of-the-art technology development, excellent 3D modeling, and comprehensive UX expertise.<br>\nThis enables us to create innovative solutions and successfully establish them in the market.\t\t\t\t\t\t\t\t<\/div>\n\t\t\t\t<\/div>\n\t\t\t\t<\/div>\n\t\t\t\t<\/div>\n\t\t<div class=\"elementor-element elementor-element-96b5e21 e-con-full sol_sec e-flex elementor-invisible e-con e-child\" data-id=\"96b5e21\" data-element_type=\"container\" data-settings=\"{&quot;background_background&quot;:&quot;classic&quot;,&quot;animation&quot;:&quot;fadeInUp&quot;,&quot;animation_delay&quot;:600}\">\n\t\t<div class=\"elementor-element elementor-element-be6cd06 e-con-full e-flex elementor-invisible e-con e-child\" data-id=\"be6cd06\" data-element_type=\"container\" data-settings=\"{&quot;animation&quot;:&quot;fadeInDown&quot;}\">\n\t\t\t\t<div class=\"elementor-element elementor-element-94faa0d elementor-widget elementor-widget-image\" data-id=\"94faa0d\" data-element_type=\"widget\" data-widget_type=\"image.default\">\n\t\t\t\t<div class=\"elementor-widget-container\">\n\t\t\t\t\t\t\t\t\t\t\t\t\t\t\t<img decoding=\"async\" width=\"1120\" height=\"407\" src=\"https:\/\/armazing.io\/wp-content\/uploads\/2025\/06\/Frame-2147228446.webp\" class=\"attachment-full size-full wp-image-1655\" alt=\"\" srcset=\"https:\/\/armazing.io\/wp-content\/uploads\/2025\/06\/Frame-2147228446.webp 1120w, https:\/\/armazing.io\/wp-content\/uploads\/2025\/06\/Frame-2147228446-300x109.webp 300w, https:\/\/armazing.io\/wp-content\/uploads\/2025\/06\/Frame-2147228446-1024x372.webp 1024w, https:\/\/armazing.io\/wp-content\/uploads\/2025\/06\/Frame-2147228446-768x279.webp 768w\" sizes=\"(max-width: 1120px) 100vw, 1120px\" \/>\t\t\t\t\t\t\t\t\t\t\t\t\t\t\t<\/div>\n\t\t\t\t<\/div>\n\t\t\t\t<\/div>\n\t\t<div class=\"elementor-element elementor-element-038b86f e-con-full e-flex elementor-invisible e-con e-child\" data-id=\"038b86f\" data-element_type=\"container\" data-settings=\"{&quot;animation&quot;:&quot;fadeInUp&quot;}\">\n\t\t\t\t<div class=\"elementor-element elementor-element-c8db7eb elementor-widget elementor-widget-heading\" data-id=\"c8db7eb\" data-element_type=\"widget\" data-widget_type=\"heading.default\">\n\t\t\t\t<div class=\"elementor-widget-container\">\n\t\t\t\t\t<h2 class=\"elementor-heading-title elementor-size-default\">our <span style=\"color: #FE77A8\">Team <\/span><\/h2>\t\t\t\t<\/div>\n\t\t\t\t<\/div>\n\t\t\t\t<div class=\"elementor-element elementor-element-46fa651 elementor-widget__width-initial elementor-widget elementor-widget-text-editor\" data-id=\"46fa651\" data-element_type=\"widget\" data-widget_type=\"text-editor.default\">\n\t\t\t\t<div class=\"elementor-widget-container\">\n\t\t\t\t\t\t\t\t\tOur team brings together decades of experience from the gaming industry and collaborations with global OEMs. This expertise is the foundation for our highresolution 3D modeling, which today sets new standards in quality and performance.<br>\nThrough continuous optimization of our core technology, we have developed a unique platform that enables high-level real-time rendering and paves the way for smart 3D configurators and AR experiences in e-commerce.\t\t\t\t\t\t\t\t<\/div>\n\t\t\t\t<\/div>\n\t\t\t\t<\/div>\n\t\t\t\t<\/div>\n\t\t\t\t<div class=\"elementor-element elementor-element-c761f90 elementor-widget__width-initial elementor-absolute elementor-hidden-tablet elementor-widget elementor-widget-image\" data-id=\"c761f90\" data-element_type=\"widget\" data-settings=\"{&quot;_position&quot;:&quot;absolute&quot;}\" data-widget_type=\"image.default\">\n\t\t\t\t<div class=\"elementor-widget-container\">\n\t\t\t\t\t\t\t\t\t\t\t\t\t\t\t<img decoding=\"async\" width=\"778\" height=\"839\" src=\"https:\/\/armazing.io\/wp-content\/uploads\/2025\/05\/Color.webp\" class=\"attachment-full size-full wp-image-425\" alt=\"\" srcset=\"https:\/\/armazing.io\/wp-content\/uploads\/2025\/05\/Color.webp 778w, https:\/\/armazing.io\/wp-content\/uploads\/2025\/05\/Color-278x300.webp 278w, https:\/\/armazing.io\/wp-content\/uploads\/2025\/05\/Color-768x828.webp 768w\" sizes=\"(max-width: 778px) 100vw, 778px\" \/>\t\t\t\t\t\t\t\t\t\t\t\t\t\t\t<\/div>\n\t\t\t\t<\/div>\n\t\t<div class=\"elementor-element elementor-element-7c08844 e-con-full sol_sec e-flex elementor-invisible e-con e-child\" data-id=\"7c08844\" data-element_type=\"container\" data-settings=\"{&quot;background_background&quot;:&quot;classic&quot;,&quot;animation&quot;:&quot;fadeInUp&quot;,&quot;animation_delay&quot;:600}\">\n\t\t<div class=\"elementor-element elementor-element-052bc97 e-con-full e-flex elementor-invisible e-con e-child\" data-id=\"052bc97\" data-element_type=\"container\" data-settings=\"{&quot;animation&quot;:&quot;fadeInRight&quot;}\">\n\t\t\t\t<div class=\"elementor-element elementor-element-7641502 elementor-widget elementor-widget-heading\" data-id=\"7641502\" data-element_type=\"widget\" data-widget_type=\"heading.default\">\n\t\t\t\t<div class=\"elementor-widget-container\">\n\t\t\t\t\t<h2 class=\"elementor-heading-title elementor-size-default\">our <span style=\"color: #8A2BE2\">Expertise<\/span><\/h2>\t\t\t\t<\/div>\n\t\t\t\t<\/div>\n\t\t\t\t<div class=\"elementor-element elementor-element-d77b68c elementor-widget elementor-widget-text-editor\" data-id=\"d77b68c\" data-element_type=\"widget\" data-widget_type=\"text-editor.default\">\n\t\t\t\t<div class=\"elementor-widget-container\">\n\t\t\t\t\t\t\t\t\t<p>Unsere St\u00e4rken gehen weit \u00fcber reine Technologie hinaus. Wir sind Experten f\u00fcr UX-Konzeption und<br \/>begleiten unsere Kunden von der ersten Idee bis zur Umsetzung digitaler Marketing- und ECommerce-L\u00f6sungen. Die Kombination aus technischer Exzellenz und kreativem Know-how macht<br \/>uns zum idealen Partner f\u00fcr anspruchsvolle Digitalprojekte.<\/p>\t\t\t\t\t\t\t\t<\/div>\n\t\t\t\t<\/div>\n\t\t\t\t<div class=\"elementor-element elementor-element-1179612 elementor-button-info elementor-widget elementor-widget-button\" data-id=\"1179612\" data-element_type=\"widget\" data-widget_type=\"button.default\">\n\t\t\t\t<div class=\"elementor-widget-container\">\n\t\t\t\t\t\t\t\t\t<div class=\"elementor-button-wrapper\">\n\t\t\t\t\t<a class=\"elementor-button elementor-button-link elementor-size-sm\" href=\"#elementor-action%3Aaction%3Dpopup%3Aopen%26settings%3DeyJpZCI6IjMwMDAiLCJ0b2dnbGUiOmZhbHNlfQ%3D%3D\">\n\t\t\t\t\t\t<span class=\"elementor-button-content-wrapper\">\n\t\t\t\t\t\t\t\t\t<span class=\"elementor-button-text\">Book a Demo<\/span>\n\t\t\t\t\t<\/span>\n\t\t\t\t\t<\/a>\n\t\t\t\t<\/div>\n\t\t\t\t\t\t\t\t<\/div>\n\t\t\t\t<\/div>\n\t\t\t\t<\/div>\n\t\t<div class=\"elementor-element elementor-element-b5e549a e-con-full e-flex elementor-invisible e-con e-child\" data-id=\"b5e549a\" data-element_type=\"container\" data-settings=\"{&quot;animation&quot;:&quot;fadeInLeft&quot;}\">\n\t\t\t\t<div class=\"elementor-element elementor-element-2d8f0fd elementor-widget elementor-widget-image\" data-id=\"2d8f0fd\" data-element_type=\"widget\" data-widget_type=\"image.default\">\n\t\t\t\t<div class=\"elementor-widget-container\">\n\t\t\t\t\t\t\t\t\t\t\t\t\t\t\t<img loading=\"lazy\" decoding=\"async\" width=\"540\" height=\"410\" src=\"https:\/\/armazing.io\/wp-content\/uploads\/2025\/06\/Frame-21-7.webp\" class=\"attachment-medium_large size-medium_large wp-image-1656\" alt=\"\" srcset=\"https:\/\/armazing.io\/wp-content\/uploads\/2025\/06\/Frame-21-7.webp 540w, https:\/\/armazing.io\/wp-content\/uploads\/2025\/06\/Frame-21-7-300x228.webp 300w\" sizes=\"(max-width: 540px) 100vw, 540px\" \/>\t\t\t\t\t\t\t\t\t\t\t\t\t\t\t<\/div>\n\t\t\t\t<\/div>\n\t\t\t\t<\/div>\n\t\t\t\t<\/div>\n\t\t\t\t<\/div>\n\t\t<div class=\"elementor-element elementor-element-3dcd901 e-flex e-con-boxed e-con e-parent\" data-id=\"3dcd901\" data-element_type=\"container\" data-settings=\"{&quot;background_background&quot;:&quot;classic&quot;}\">\n\t\t\t\t\t<div class=\"e-con-inner\">\n\t\t<div class=\"elementor-element elementor-element-279fa1e e-con-full e-flex e-con e-child\" data-id=\"279fa1e\" data-element_type=\"container\">\n\t\t<div class=\"elementor-element elementor-element-1145ea1 e-con-full e-flex elementor-invisible e-con e-child\" data-id=\"1145ea1\" data-element_type=\"container\" data-settings=\"{&quot;animation&quot;:&quot;fadeInRight&quot;}\">\n\t\t\t\t<div class=\"elementor-element elementor-element-2662102 elementor-widget elementor-widget-image\" data-id=\"2662102\" data-element_type=\"widget\" data-widget_type=\"image.default\">\n\t\t\t\t<div class=\"elementor-widget-container\">\n\t\t\t\t\t\t\t\t\t\t\t\t\t\t\t<img loading=\"lazy\" decoding=\"async\" width=\"718\" height=\"432\" src=\"https:\/\/armazing.io\/wp-content\/uploads\/2025\/06\/Frame-2147228447.webp\" class=\"attachment-medium_large size-medium_large wp-image-1664\" alt=\"\" srcset=\"https:\/\/armazing.io\/wp-content\/uploads\/2025\/06\/Frame-2147228447.webp 718w, https:\/\/armazing.io\/wp-content\/uploads\/2025\/06\/Frame-2147228447-300x181.webp 300w\" sizes=\"(max-width: 718px) 100vw, 718px\" \/>\t\t\t\t\t\t\t\t\t\t\t\t\t\t\t<\/div>\n\t\t\t\t<\/div>\n\t\t\t\t<\/div>\n\t\t\t\t<\/div>\n\t\t<div class=\"elementor-element elementor-element-7f961e9 e-con-full e-flex e-con e-child\" data-id=\"7f961e9\" data-element_type=\"container\">\n\t\t<div class=\"elementor-element elementor-element-e16d4b7 e-con-full e-flex elementor-invisible e-con e-child\" data-id=\"e16d4b7\" data-element_type=\"container\" data-settings=\"{&quot;animation&quot;:&quot;fadeInLeft&quot;}\">\n\t\t\t\t<div class=\"elementor-element elementor-element-c78eccb elementor-widget elementor-widget-heading\" data-id=\"c78eccb\" data-element_type=\"widget\" data-widget_type=\"heading.default\">\n\t\t\t\t<div class=\"elementor-widget-container\">\n\t\t\t\t\t<h2 class=\"elementor-heading-title elementor-size-default\">our <span style=\"color: #FE77A8\">Vision<\/span><\/h2>\t\t\t\t<\/div>\n\t\t\t\t<\/div>\n\t\t\t\t<div class=\"elementor-element elementor-element-4bf812d elementor-widget elementor-widget-text-editor\" data-id=\"4bf812d\" data-element_type=\"widget\" data-widget_type=\"text-editor.default\">\n\t\t\t\t<div class=\"elementor-widget-container\">\n\t\t\t\t\t\t\t\t\t<p>Wir m\u00f6chten der zuk\u00fcnftige Standard f\u00fcr smarte 3D-Konfiguratoren und immersive AR-Erlebnisse im E-Commerce werden. Durch kontinuierliche Weiterentwicklung unserer Kerntechnologie und ein<br \/>interdisziplin\u00e4res Team sind wir in der Lage, innovative L\u00f6sungen f\u00fcr die digitale Produktpr\u00e4sentation<br \/>zu schaffen und die Branche aktiv mitzugestalten.<\/p>\t\t\t\t\t\t\t\t<\/div>\n\t\t\t\t<\/div>\n\t\t\t\t<\/div>\n\t\t\t\t<\/div>\n\t\t\t\t\t<\/div>\n\t\t\t\t<\/div>\n\t\t<div class=\"elementor-element elementor-element-1dd82ee e-con-full e-flex e-con e-parent\" data-id=\"1dd82ee\" data-element_type=\"container\">\n\t\t\t\t<div class=\"elementor-element elementor-element-8e375c7 elementor-widget__width-initial elementor-absolute elementor-hidden-tablet elementor-widget elementor-widget-image\" data-id=\"8e375c7\" data-element_type=\"widget\" data-settings=\"{&quot;_position&quot;:&quot;absolute&quot;}\" data-widget_type=\"image.default\">\n\t\t\t\t<div class=\"elementor-widget-container\">\n\t\t\t\t\t\t\t\t\t\t\t\t\t\t\t<img loading=\"lazy\" decoding=\"async\" width=\"138\" height=\"131\" src=\"https:\/\/armazing.io\/wp-content\/uploads\/2025\/05\/Rock.webp\" class=\"attachment-full size-full wp-image-423\" alt=\"\" \/>\t\t\t\t\t\t\t\t\t\t\t\t\t\t\t<\/div>\n\t\t\t\t<\/div>\n\t\t\t\t<div class=\"elementor-element elementor-element-01835e4 elementor-widget__width-initial elementor-absolute elementor-hidden-tablet elementor-widget elementor-widget-image\" data-id=\"01835e4\" data-element_type=\"widget\" data-settings=\"{&quot;_position&quot;:&quot;absolute&quot;}\" data-widget_type=\"image.default\">\n\t\t\t\t<div class=\"elementor-widget-container\">\n\t\t\t\t\t\t\t\t\t\t\t\t\t\t\t<img loading=\"lazy\" decoding=\"async\" width=\"138\" height=\"131\" src=\"https:\/\/armazing.io\/wp-content\/uploads\/2025\/05\/Rock.webp\" class=\"attachment-full size-full wp-image-423\" alt=\"\" \/>\t\t\t\t\t\t\t\t\t\t\t\t\t\t\t<\/div>\n\t\t\t\t<\/div>\n\t\t<div class=\"elementor-element elementor-element-374f432 e-con-full sol_sec e-flex e-con e-child\" data-id=\"374f432\" data-element_type=\"container\" data-settings=\"{&quot;background_background&quot;:&quot;classic&quot;}\">\n\t\t<div class=\"elementor-element elementor-element-4e8207b e-con-full e-flex elementor-invisible e-con e-child\" data-id=\"4e8207b\" data-element_type=\"container\" data-settings=\"{&quot;animation&quot;:&quot;fadeInRight&quot;}\">\n\t\t\t\t<div class=\"elementor-element elementor-element-b3245b9 elementor-widget elementor-widget-heading\" data-id=\"b3245b9\" data-element_type=\"widget\" data-widget_type=\"heading.default\">\n\t\t\t\t<div class=\"elementor-widget-container\">\n\t\t\t\t\t<h2 class=\"elementor-heading-title elementor-size-default\">our <span style=\"color: #1E90FE\">mindset<\/span>\n<\/h2>\t\t\t\t<\/div>\n\t\t\t\t<\/div>\n\t\t\t\t<div class=\"elementor-element elementor-element-4cc34f6 elementor-widget elementor-widget-text-editor\" data-id=\"4cc34f6\" data-element_type=\"widget\" data-widget_type=\"text-editor.default\">\n\t\t\t\t<div class=\"elementor-widget-container\">\n\t\t\t\t\t\t\t\t\tAgility, openness, and curiosity define our company culture. We work with modern, agile methods and embrace a startup mentality that allows for quick adaptation and creative problem-solving.<br>\nThis enables us to respond flexibly to new challenges and develop forward-looking products together with our clients.\t\t\t\t\t\t\t\t<\/div>\n\t\t\t\t<\/div>\n\t\t\t\t<div class=\"elementor-element elementor-element-55a4c95 elementor-button-info elementor-widget elementor-widget-button\" data-id=\"55a4c95\" data-element_type=\"widget\" data-widget_type=\"button.default\">\n\t\t\t\t<div class=\"elementor-widget-container\">\n\t\t\t\t\t\t\t\t\t<div class=\"elementor-button-wrapper\">\n\t\t\t\t\t<a class=\"elementor-button elementor-button-link elementor-size-sm\" href=\"#elementor-action%3Aaction%3Dpopup%3Aopen%26settings%3DeyJpZCI6IjMwMDAiLCJ0b2dnbGUiOmZhbHNlfQ%3D%3D\">\n\t\t\t\t\t\t<span class=\"elementor-button-content-wrapper\">\n\t\t\t\t\t\t\t\t\t<span class=\"elementor-button-text\">Shape the future now!<\/span>\n\t\t\t\t\t<\/span>\n\t\t\t\t\t<\/a>\n\t\t\t\t<\/div>\n\t\t\t\t\t\t\t\t<\/div>\n\t\t\t\t<\/div>\n\t\t\t\t<\/div>\n\t\t<div class=\"elementor-element elementor-element-233a387 e-con-full e-flex elementor-invisible e-con e-child\" data-id=\"233a387\" data-element_type=\"container\" data-settings=\"{&quot;animation&quot;:&quot;fadeInLeft&quot;}\">\n\t\t\t\t<div class=\"elementor-element elementor-element-634d042 elementor-widget elementor-widget-image\" data-id=\"634d042\" data-element_type=\"widget\" data-widget_type=\"image.default\">\n\t\t\t\t<div class=\"elementor-widget-container\">\n\t\t\t\t\t\t\t\t\t\t\t\t\t\t\t<img loading=\"lazy\" decoding=\"async\" width=\"548\" height=\"534\" src=\"https:\/\/armazing.io\/wp-content\/uploads\/2025\/06\/Frame-21-8.webp\" class=\"attachment-medium_large size-medium_large wp-image-1671\" alt=\"\" srcset=\"https:\/\/armazing.io\/wp-content\/uploads\/2025\/06\/Frame-21-8.webp 548w, https:\/\/armazing.io\/wp-content\/uploads\/2025\/06\/Frame-21-8-300x292.webp 300w\" sizes=\"(max-width: 548px) 100vw, 548px\" \/>\t\t\t\t\t\t\t\t\t\t\t\t\t\t\t<\/div>\n\t\t\t\t<\/div>\n\t\t\t\t<\/div>\n\t\t\t\t<\/div>\n\t\t\t\t<\/div>\n\t\t\t\t<\/div>","protected":false},"excerpt":{"rendered":"<p>Gemeinsam Zukunft gestalten: Innovation trifft Expertise. Be ARmazing Einleitung ARmazing steht f\u00fcr Innovation, Expertise und Leidenschaft im Bereich 3D-Visualisierung und Augmented Reality. Als eines der wenigen Unternehmen der Branche vereinen wir die drei entscheidenden Kompetenzen: modernste Technologieentwicklung, exzellente 3D-Modellierung und umfassende UX-Expertise. So sind wir in der Lage, innovative L\u00f6sungen zu schaffen und diese erfolgreich [&hellip;]<\/p>","protected":false},"author":2,"featured_media":0,"parent":0,"menu_order":0,"comment_status":"closed","ping_status":"closed","template":"elementor_header_footer","meta":{"footnotes":""},"class_list":["post-1267","page","type-page","status-publish","hentry"],"_links":{"self":[{"href":"https:\/\/armazing.io\/en\/wp-json\/wp\/v2\/pages\/1267","targetHints":{"allow":["GET"]}}],"collection":[{"href":"https:\/\/armazing.io\/en\/wp-json\/wp\/v2\/pages"}],"about":[{"href":"https:\/\/armazing.io\/en\/wp-json\/wp\/v2\/types\/page"}],"author":[{"embeddable":true,"href":"https:\/\/armazing.io\/en\/wp-json\/wp\/v2\/users\/2"}],"replies":[{"embeddable":true,"href":"https:\/\/armazing.io\/en\/wp-json\/wp\/v2\/comments?post=1267"}],"version-history":[{"count":25,"href":"https:\/\/armazing.io\/en\/wp-json\/wp\/v2\/pages\/1267\/revisions"}],"predecessor-version":[{"id":3465,"href":"https:\/\/armazing.io\/en\/wp-json\/wp\/v2\/pages\/1267\/revisions\/3465"}],"wp:attachment":[{"href":"https:\/\/armazing.io\/en\/wp-json\/wp\/v2\/media?parent=1267"}],"curies":[{"name":"wp","href":"https:\/\/api.w.org\/{rel}","templated":true}]}}