{"id":1265,"date":"2025-06-18T22:49:50","date_gmt":"2025-06-18T22:49:50","guid":{"rendered":"https:\/\/armazing.io\/?page_id=1265"},"modified":"2025-08-05T12:24:34","modified_gmt":"2025-08-05T12:24:34","slug":"technology","status":"publish","type":"page","link":"https:\/\/armazing.io\/en\/technology\/","title":{"rendered":"Technology"},"content":{"rendered":"<div data-elementor-type=\"wp-page\" data-elementor-id=\"1265\" class=\"elementor elementor-1265\" data-elementor-post-type=\"page\">\n\t\t\t\t<div class=\"elementor-element elementor-element-20495be e-flex e-con-boxed e-con e-parent\" data-id=\"20495be\" data-element_type=\"container\" data-settings=\"{&quot;background_background&quot;:&quot;classic&quot;}\">\n\t\t\t\t\t<div class=\"e-con-inner\">\n\t\t<div class=\"elementor-element elementor-element-e67d090 e-con-full e-flex elementor-invisible e-con e-child\" data-id=\"e67d090\" data-element_type=\"container\" data-settings=\"{&quot;background_background&quot;:&quot;classic&quot;,&quot;animation&quot;:&quot;fadeInLeft&quot;}\">\n\t\t<div class=\"elementor-element elementor-element-0d7e3b9 e-con-full e-flex e-con e-child\" data-id=\"0d7e3b9\" data-element_type=\"container\" data-settings=\"{&quot;background_background&quot;:&quot;gradient&quot;}\">\n\t\t\t\t<div class=\"elementor-element elementor-element-0b626bc elementor-widget elementor-widget-heading\" data-id=\"0b626bc\" data-element_type=\"widget\" data-widget_type=\"heading.default\">\n\t\t\t\t<div class=\"elementor-widget-container\">\n\t\t\t\t\t<h1 class=\"elementor-heading-title elementor-size-default\"><span style=\"color: #1E90FE\">Technology That Inspires: <\/span>Experience Innovation, Secure Your Edge.<\/h1>\t\t\t\t<\/div>\n\t\t\t\t<\/div>\n\t\t\t\t<div class=\"elementor-element elementor-element-0172ae0 elementor-widget elementor-widget-heading\" data-id=\"0172ae0\" data-element_type=\"widget\" data-widget_type=\"heading.default\">\n\t\t\t\t<div class=\"elementor-widget-container\">\n\t\t\t\t\t<h3 class=\"elementor-heading-title elementor-size-default\">Think ARmazing<\/h3>\t\t\t\t<\/div>\n\t\t\t\t<\/div>\n\t\t\t\t<\/div>\n\t\t\t\t<\/div>\n\t\t<div class=\"elementor-element elementor-element-8c6ab50 e-con-full e-flex elementor-invisible e-con e-child\" data-id=\"8c6ab50\" data-element_type=\"container\" data-settings=\"{&quot;animation&quot;:&quot;fadeInRight&quot;}\">\n\t\t<div class=\"elementor-element elementor-element-e7a268d e-con-full e-flex e-con e-child\" data-id=\"e7a268d\" data-element_type=\"container\" id=\"ar_mazing_technology_3d\">\n\t\t\t\t<div class=\"elementor-element elementor-element-3e4de4a elementor-widget elementor-widget-html\" data-id=\"3e4de4a\" data-element_type=\"widget\" data-widget_type=\"html.default\">\n\t\t\t\t<div class=\"elementor-widget-container\">\n\t\t\t\t\t<script defer>(function(m,i){var d=document,s='script';var\nf=d.getElementsByTagName(s)[0],\nj=d.createElement(s),c='https:\/\/cdn.bitreality.com\/v.js?i='+i+'&m='+m;j.async=\ntrue;\nj.src=c;f.parentNode.insertBefore(j,f);})('ar_mazing_technology_3d',\n'dwa2v8mapcfs26');<\/script>\n <script defer>\n const onLuxInit = async () => {\n \/\/ Ensure that the background always is transparent.\n const engine = window.lux._engine;\n const setEnvInfo = engine.services.environment.setEnvironmentInfo;\n engine.services.environment.setEnvironmentInfo = async (info) => {\n await setEnvInfo(info);\n engine.services.render._scene.background = null;\n }\n };\n if(window.lux) {\n \/\/ Viewer already is initialized\n onLuxInit();\n } else {\n \/\/ Wait for the viewer to be initialized\n document.addEventListener(\"lux_initialized\", onLuxInit);\n }\n <\/script>\t\t\t\t<\/div>\n\t\t\t\t<\/div>\n\t\t\t\t<\/div>\n\t\t\t\t<\/div>\n\t\t\t\t\t<\/div>\n\t\t\t\t<\/div>\n\t\t<div class=\"elementor-element elementor-element-df2f222 e-con-full e-flex e-con e-parent\" data-id=\"df2f222\" data-element_type=\"container\">\n\t\t<div class=\"elementor-element elementor-element-f0eb5ae e-con-full e-flex elementor-invisible e-con e-child\" data-id=\"f0eb5ae\" data-element_type=\"container\" data-settings=\"{&quot;background_background&quot;:&quot;classic&quot;,&quot;animation&quot;:&quot;fadeInUp&quot;,&quot;animation_delay&quot;:600}\">\n\t\t<div class=\"elementor-element elementor-element-2abb560 e-con-full e-flex elementor-invisible e-con e-child\" data-id=\"2abb560\" data-element_type=\"container\" data-settings=\"{&quot;animation&quot;:&quot;fadeInLeft&quot;,&quot;animation_delay&quot;:0}\">\n\t\t\t\t<div class=\"elementor-element elementor-element-6f51d76 elementor-widget elementor-widget-image\" data-id=\"6f51d76\" data-element_type=\"widget\" data-widget_type=\"image.default\">\n\t\t\t\t<div class=\"elementor-widget-container\">\n\t\t\t\t\t\t\t\t\t\t\t\t\t\t\t<img fetchpriority=\"high\" decoding=\"async\" width=\"541\" height=\"372\" src=\"https:\/\/armazing.io\/wp-content\/uploads\/2025\/06\/Frame-21-4.webp\" class=\"attachment-large size-large wp-image-1628\" alt=\"\" srcset=\"https:\/\/armazing.io\/wp-content\/uploads\/2025\/06\/Frame-21-4.webp 541w, https:\/\/armazing.io\/wp-content\/uploads\/2025\/06\/Frame-21-4-300x206.webp 300w\" sizes=\"(max-width: 541px) 100vw, 541px\" \/>\t\t\t\t\t\t\t\t\t\t\t\t\t\t\t<\/div>\n\t\t\t\t<\/div>\n\t\t\t\t<\/div>\n\t\t<div class=\"elementor-element elementor-element-e7abf54 e-con-full e-flex elementor-invisible e-con e-child\" data-id=\"e7abf54\" data-element_type=\"container\" data-settings=\"{&quot;animation&quot;:&quot;fadeInDown&quot;}\">\n\t\t\t\t<div class=\"elementor-element elementor-element-975ea23 elementor-widget elementor-widget-heading\" data-id=\"975ea23\" data-element_type=\"widget\" data-widget_type=\"heading.default\">\n\t\t\t\t<div class=\"elementor-widget-container\">\n\t\t\t\t\t<h2 class=\"elementor-heading-title elementor-size-default\">Introduction<\/h2>\t\t\t\t<\/div>\n\t\t\t\t<\/div>\n\t\t\t\t<div class=\"elementor-element elementor-element-1bc260d elementor-widget elementor-widget-text-editor\" data-id=\"1bc260d\" data-element_type=\"widget\" data-widget_type=\"text-editor.default\">\n\t\t\t\t<div class=\"elementor-widget-container\">\n\t\t\t\t\t\t\t\t\tARmazing stands for innovative 3D and AR experiences built on a highly advanced technology platform.<br>\nOur solutions combine cutting-edge modeling, high-performance rendering, and intuitive user guidance into a unique digital experience.<br>\nDiscover how our technology showcases your products and brands in a future-proof way.\t\t\t\t\t\t\t\t<\/div>\n\t\t\t\t<\/div>\n\t\t\t\t<\/div>\n\t\t\t\t<\/div>\n\t\t\t\t<div class=\"elementor-element elementor-element-fa83447 elementor-widget__width-initial elementor-absolute elementor-hidden-tablet elementor-widget elementor-widget-image\" data-id=\"fa83447\" data-element_type=\"widget\" data-settings=\"{&quot;_position&quot;:&quot;absolute&quot;}\" data-widget_type=\"image.default\">\n\t\t\t\t<div class=\"elementor-widget-container\">\n\t\t\t\t\t\t\t\t\t\t\t\t\t\t\t<img decoding=\"async\" width=\"778\" height=\"839\" src=\"https:\/\/armazing.io\/wp-content\/uploads\/2025\/05\/Color.webp\" class=\"attachment-full size-full wp-image-425\" alt=\"\" srcset=\"https:\/\/armazing.io\/wp-content\/uploads\/2025\/05\/Color.webp 778w, https:\/\/armazing.io\/wp-content\/uploads\/2025\/05\/Color-278x300.webp 278w, https:\/\/armazing.io\/wp-content\/uploads\/2025\/05\/Color-768x828.webp 768w\" sizes=\"(max-width: 778px) 100vw, 778px\" \/>\t\t\t\t\t\t\t\t\t\t\t\t\t\t\t<\/div>\n\t\t\t\t<\/div>\n\t\t<div class=\"elementor-element elementor-element-d6d28fb e-con-full sol_sec e-flex elementor-invisible e-con e-child\" data-id=\"d6d28fb\" data-element_type=\"container\" data-settings=\"{&quot;background_background&quot;:&quot;classic&quot;,&quot;animation&quot;:&quot;fadeInUp&quot;,&quot;animation_delay&quot;:600}\">\n\t\t<div class=\"elementor-element elementor-element-e1ae799 e-con-full e-flex elementor-invisible e-con e-child\" data-id=\"e1ae799\" data-element_type=\"container\" data-settings=\"{&quot;animation&quot;:&quot;fadeInRight&quot;}\">\n\t\t\t\t<div class=\"elementor-element elementor-element-73316c8 elementor-widget elementor-widget-image\" data-id=\"73316c8\" data-element_type=\"widget\" data-widget_type=\"image.default\">\n\t\t\t\t<div class=\"elementor-widget-container\">\n\t\t\t\t\t\t\t\t\t\t\t\t\t\t\t<img decoding=\"async\" width=\"491\" height=\"170\" src=\"https:\/\/armazing.io\/wp-content\/uploads\/2025\/06\/Frame-21-2-1.webp\" class=\"attachment-full size-full wp-image-1630\" alt=\"\" srcset=\"https:\/\/armazing.io\/wp-content\/uploads\/2025\/06\/Frame-21-2-1.webp 491w, https:\/\/armazing.io\/wp-content\/uploads\/2025\/06\/Frame-21-2-1-300x104.webp 300w\" sizes=\"(max-width: 491px) 100vw, 491px\" \/>\t\t\t\t\t\t\t\t\t\t\t\t\t\t\t<\/div>\n\t\t\t\t<\/div>\n\t\t\t\t<div class=\"elementor-element elementor-element-0a88ff9 elementor-widget elementor-widget-text-editor\" data-id=\"0a88ff9\" data-element_type=\"widget\" data-widget_type=\"text-editor.default\">\n\t\t\t\t<div class=\"elementor-widget-container\">\n\t\t\t\t\t\t\t\t\tWe rely on modeling techniques refined over decades to create digital twins of your products with utmost precision and photorealistic quality.<br>\nOur models are optimized for real-time browser rendering, load lightning fast, and are efficiently protected through intelligent data reduction. The result: a detailed yet streamlined 3D replica that showcases your products perfectly and protects them from imitation.\t\t\t\t\t\t\t\t<\/div>\n\t\t\t\t<\/div>\n\t\t\t\t<\/div>\n\t\t<div class=\"elementor-element elementor-element-c96344b e-con-full e-flex elementor-invisible e-con e-child\" data-id=\"c96344b\" data-element_type=\"container\" data-settings=\"{&quot;animation&quot;:&quot;fadeInLeft&quot;}\">\n\t\t\t\t<div class=\"elementor-element elementor-element-0ebdcd6 elementor-widget elementor-widget-heading\" data-id=\"0ebdcd6\" data-element_type=\"widget\" data-widget_type=\"heading.default\">\n\t\t\t\t<div class=\"elementor-widget-container\">\n\t\t\t\t\t<h2 class=\"elementor-heading-title elementor-size-default\"><span style=\"color: #03CED1\">3D Modeling<\/span> &amp; Digital Twin Production<\/h2>\t\t\t\t<\/div>\n\t\t\t\t<\/div>\n\t\t\t\t<div class=\"elementor-element elementor-element-e772869 elementor-widget elementor-widget-image\" data-id=\"e772869\" data-element_type=\"widget\" data-widget_type=\"image.default\">\n\t\t\t\t<div class=\"elementor-widget-container\">\n\t\t\t\t\t\t\t\t\t\t\t\t\t\t\t<img loading=\"lazy\" decoding=\"async\" width=\"541\" height=\"265\" src=\"https:\/\/armazing.io\/wp-content\/uploads\/2025\/06\/Frame-21-1-1.webp\" class=\"attachment-full size-full wp-image-1629\" alt=\"\" srcset=\"https:\/\/armazing.io\/wp-content\/uploads\/2025\/06\/Frame-21-1-1.webp 541w, https:\/\/armazing.io\/wp-content\/uploads\/2025\/06\/Frame-21-1-1-300x147.webp 300w\" sizes=\"(max-width: 541px) 100vw, 541px\" \/>\t\t\t\t\t\t\t\t\t\t\t\t\t\t\t<\/div>\n\t\t\t\t<\/div>\n\t\t\t\t<\/div>\n\t\t\t\t<\/div>\n\t\t\t\t<\/div>\n\t\t<div class=\"elementor-element elementor-element-6270cc1 e-flex e-con-boxed e-con e-parent\" data-id=\"6270cc1\" data-element_type=\"container\" data-settings=\"{&quot;background_background&quot;:&quot;classic&quot;}\">\n\t\t\t\t\t<div class=\"e-con-inner\">\n\t\t<div class=\"elementor-element elementor-element-ad5e771 e-con-full e-flex e-con e-child\" data-id=\"ad5e771\" data-element_type=\"container\">\n\t\t<div class=\"elementor-element elementor-element-da1b0af e-con-full e-flex elementor-invisible e-con e-child\" data-id=\"da1b0af\" data-element_type=\"container\" data-settings=\"{&quot;animation&quot;:&quot;fadeInLeft&quot;}\">\n\t\t\t\t<div class=\"elementor-element elementor-element-4252139 elementor-widget elementor-widget-image\" data-id=\"4252139\" data-element_type=\"widget\" data-widget_type=\"image.default\">\n\t\t\t\t<div class=\"elementor-widget-container\">\n\t\t\t\t\t\t\t\t\t\t\t\t\t\t\t<img loading=\"lazy\" decoding=\"async\" width=\"571\" height=\"557\" src=\"https:\/\/armazing.io\/wp-content\/uploads\/2025\/06\/Frame-21-3-1.webp\" class=\"attachment-large size-large wp-image-1638\" alt=\"\" srcset=\"https:\/\/armazing.io\/wp-content\/uploads\/2025\/06\/Frame-21-3-1.webp 571w, https:\/\/armazing.io\/wp-content\/uploads\/2025\/06\/Frame-21-3-1-300x293.webp 300w\" sizes=\"(max-width: 571px) 100vw, 571px\" \/>\t\t\t\t\t\t\t\t\t\t\t\t\t\t\t<\/div>\n\t\t\t\t<\/div>\n\t\t\t\t<\/div>\n\t\t\t\t<\/div>\n\t\t<div class=\"elementor-element elementor-element-1f5263e e-con-full e-flex e-con e-child\" data-id=\"1f5263e\" data-element_type=\"container\">\n\t\t<div class=\"elementor-element elementor-element-ac080a6 e-con-full e-flex elementor-invisible e-con e-child\" data-id=\"ac080a6\" data-element_type=\"container\" data-settings=\"{&quot;animation&quot;:&quot;fadeInRight&quot;}\">\n\t\t\t\t<div class=\"elementor-element elementor-element-f2c68c3 elementor-widget elementor-widget-heading\" data-id=\"f2c68c3\" data-element_type=\"widget\" data-widget_type=\"heading.default\">\n\t\t\t\t<div class=\"elementor-widget-container\">\n\t\t\t\t\t<h2 class=\"elementor-heading-title elementor-size-default\"><span style=\"color: #8A2BE2\">Plattform &amp; Tech  <\/span> Stack\n<\/h2>\t\t\t\t<\/div>\n\t\t\t\t<\/div>\n\t\t\t\t<div class=\"elementor-element elementor-element-ad5847e elementor-widget elementor-widget-text-editor\" data-id=\"ad5847e\" data-element_type=\"widget\" data-widget_type=\"text-editor.default\">\n\t\t\t\t<div class=\"elementor-widget-container\">\n\t\t\t\t\t\t\t\t\tOur platform is built on state-of-the-art web technologies like WebGL and WebXR. This enables real-time rendering and interactive AR experiences directly in the browser\u2014cross-platform and without the need for app installation. A secure cloud infrastructure ensures reliable hosting and protects your data. Integrated analytics provide valuable insights into the performance and usage of your 3D and AR content.\n<br\/><br\/>\nARmazing's platform offers a powerful 3D configurator, stunning AR experiences, and high-quality 3D renderings and animations. With Virtual Shooting, you can create digital product photos and videos directly from the 3D model within the platform\u2014flexibly and efficiently. Our features are designed to stage your products in versatile and emotional ways.\t\t\t\t\t\t\t\t<\/div>\n\t\t\t\t<\/div>\n\t\t\t\t<div class=\"elementor-element elementor-element-a5daf6c elementor-button-info elementor-widget elementor-widget-button\" data-id=\"a5daf6c\" data-element_type=\"widget\" data-widget_type=\"button.default\">\n\t\t\t\t<div class=\"elementor-widget-container\">\n\t\t\t\t\t\t\t\t\t<div class=\"elementor-button-wrapper\">\n\t\t\t\t\t<a class=\"elementor-button elementor-button-link elementor-size-sm\" href=\"#elementor-action%3Aaction%3Dpopup%3Aopen%26settings%3DeyJpZCI6IjMwMDAiLCJ0b2dnbGUiOmZhbHNlfQ%3D%3D\">\n\t\t\t\t\t\t<span class=\"elementor-button-content-wrapper\">\n\t\t\t\t\t\t\t\t\t<span class=\"elementor-button-text\">Book a Demo<\/span>\n\t\t\t\t\t<\/span>\n\t\t\t\t\t<\/a>\n\t\t\t\t<\/div>\n\t\t\t\t\t\t\t\t<\/div>\n\t\t\t\t<\/div>\n\t\t\t\t<\/div>\n\t\t\t\t<\/div>\n\t\t\t\t\t<\/div>\n\t\t\t\t<\/div>\n\t\t<div class=\"elementor-element elementor-element-d72a6e9 e-con-full e-flex e-con e-parent\" data-id=\"d72a6e9\" data-element_type=\"container\">\n\t\t\t\t<div class=\"elementor-element elementor-element-3d6ba24 elementor-widget__width-initial elementor-absolute elementor-hidden-tablet elementor-widget elementor-widget-image\" data-id=\"3d6ba24\" data-element_type=\"widget\" data-settings=\"{&quot;_position&quot;:&quot;absolute&quot;}\" data-widget_type=\"image.default\">\n\t\t\t\t<div class=\"elementor-widget-container\">\n\t\t\t\t\t\t\t\t\t\t\t\t\t\t\t<img decoding=\"async\" width=\"778\" height=\"839\" src=\"https:\/\/armazing.io\/wp-content\/uploads\/2025\/05\/Color.webp\" class=\"attachment-full size-full wp-image-425\" alt=\"\" srcset=\"https:\/\/armazing.io\/wp-content\/uploads\/2025\/05\/Color.webp 778w, https:\/\/armazing.io\/wp-content\/uploads\/2025\/05\/Color-278x300.webp 278w, https:\/\/armazing.io\/wp-content\/uploads\/2025\/05\/Color-768x828.webp 768w\" sizes=\"(max-width: 778px) 100vw, 778px\" \/>\t\t\t\t\t\t\t\t\t\t\t\t\t\t\t<\/div>\n\t\t\t\t<\/div>\n\t\t\t\t<div class=\"elementor-element elementor-element-fc5e46e elementor-widget__width-initial elementor-absolute elementor-hidden-tablet elementor-widget elementor-widget-image\" data-id=\"fc5e46e\" data-element_type=\"widget\" data-settings=\"{&quot;_position&quot;:&quot;absolute&quot;}\" data-widget_type=\"image.default\">\n\t\t\t\t<div class=\"elementor-widget-container\">\n\t\t\t\t\t\t\t\t\t\t\t\t\t\t\t<img loading=\"lazy\" decoding=\"async\" width=\"138\" height=\"131\" src=\"https:\/\/armazing.io\/wp-content\/uploads\/2025\/05\/Rock.webp\" class=\"attachment-full size-full wp-image-423\" alt=\"\" \/>\t\t\t\t\t\t\t\t\t\t\t\t\t\t\t<\/div>\n\t\t\t\t<\/div>\n\t\t\t\t<div class=\"elementor-element elementor-element-617dddb elementor-widget__width-initial elementor-absolute elementor-hidden-tablet elementor-hidden-mobile elementor-widget elementor-widget-image\" data-id=\"617dddb\" data-element_type=\"widget\" data-settings=\"{&quot;_position&quot;:&quot;absolute&quot;}\" data-widget_type=\"image.default\">\n\t\t\t\t<div class=\"elementor-widget-container\">\n\t\t\t\t\t\t\t\t\t\t\t\t\t\t\t<img loading=\"lazy\" decoding=\"async\" width=\"138\" height=\"131\" src=\"https:\/\/armazing.io\/wp-content\/uploads\/2025\/05\/Rock.webp\" class=\"attachment-full size-full wp-image-423\" alt=\"\" \/>\t\t\t\t\t\t\t\t\t\t\t\t\t\t\t<\/div>\n\t\t\t\t<\/div>\n\t\t<div class=\"elementor-element elementor-element-17d929f e-con-full sol_sec e-flex elementor-invisible e-con e-child\" data-id=\"17d929f\" data-element_type=\"container\" data-settings=\"{&quot;background_background&quot;:&quot;classic&quot;,&quot;animation&quot;:&quot;fadeInUp&quot;,&quot;animation_delay&quot;:600}\">\n\t\t<div class=\"elementor-element elementor-element-7d8880a e-con-full e-flex elementor-invisible e-con e-child\" data-id=\"7d8880a\" data-element_type=\"container\" data-settings=\"{&quot;animation&quot;:&quot;fadeInDown&quot;}\">\n\t\t\t\t<div class=\"elementor-element elementor-element-2c6c9a8 elementor-widget elementor-widget-heading\" data-id=\"2c6c9a8\" data-element_type=\"widget\" data-widget_type=\"heading.default\">\n\t\t\t\t<div class=\"elementor-widget-container\">\n\t\t\t\t\t<h2 class=\"elementor-heading-title elementor-size-default\"> <span style=\"color: #FE77A8\">UX &amp; Customer <\/span> Journey<\/h2>\t\t\t\t<\/div>\n\t\t\t\t<\/div>\n\t\t\t\t<div class=\"elementor-element elementor-element-a4684fe elementor-widget__width-initial elementor-widget elementor-widget-text-editor\" data-id=\"a4684fe\" data-element_type=\"widget\" data-widget_type=\"text-editor.default\">\n\t\t\t\t<div class=\"elementor-widget-container\">\n\t\t\t\t\t\t\t\t\tWe support you from the first consultation through concept development to rollout. Our experts advise on the best ways to implement solutions at your customer touchpoints and assist with management presentations. Together, we develop new features to continuously enhance the customer experience. Our project management uses agile methods such as Scrum or Kanban and creates clickable prototypes for optimal user guidance.\t\t\t\t\t\t\t\t<\/div>\n\t\t\t\t<\/div>\n\t\t\t\t<\/div>\n\t\t<div class=\"elementor-element elementor-element-b9e6b06 e-con-full e-flex elementor-invisible e-con e-child\" data-id=\"b9e6b06\" data-element_type=\"container\" data-settings=\"{&quot;animation&quot;:&quot;fadeInUp&quot;}\">\n\t\t\t\t<div class=\"elementor-element elementor-element-9f18a30 elementor-widget elementor-widget-image\" data-id=\"9f18a30\" data-element_type=\"widget\" data-widget_type=\"image.default\">\n\t\t\t\t<div class=\"elementor-widget-container\">\n\t\t\t\t\t\t\t\t\t\t\t\t\t\t\t<img loading=\"lazy\" decoding=\"async\" width=\"1122\" height=\"438\" src=\"https:\/\/armazing.io\/wp-content\/uploads\/2025\/06\/Frame-21-4-1.webp\" class=\"attachment-full size-full wp-image-1642\" alt=\"\" srcset=\"https:\/\/armazing.io\/wp-content\/uploads\/2025\/06\/Frame-21-4-1.webp 1122w, https:\/\/armazing.io\/wp-content\/uploads\/2025\/06\/Frame-21-4-1-300x117.webp 300w, https:\/\/armazing.io\/wp-content\/uploads\/2025\/06\/Frame-21-4-1-1024x400.webp 1024w, https:\/\/armazing.io\/wp-content\/uploads\/2025\/06\/Frame-21-4-1-768x300.webp 768w\" sizes=\"(max-width: 1122px) 100vw, 1122px\" \/>\t\t\t\t\t\t\t\t\t\t\t\t\t\t\t<\/div>\n\t\t\t\t<\/div>\n\t\t\t\t<\/div>\n\t\t\t\t<\/div>\n\t\t<div class=\"elementor-element elementor-element-69e3289 e-con-full sol_sec e-flex e-con e-child\" data-id=\"69e3289\" data-element_type=\"container\" data-settings=\"{&quot;background_background&quot;:&quot;classic&quot;}\">\n\t\t<div class=\"elementor-element elementor-element-f1e9900 e-con-full e-flex elementor-invisible e-con e-child\" data-id=\"f1e9900\" data-element_type=\"container\" data-settings=\"{&quot;animation&quot;:&quot;fadeInRight&quot;}\">\n\t\t\t\t<div class=\"elementor-element elementor-element-f95522d elementor-widget elementor-widget-heading\" data-id=\"f95522d\" data-element_type=\"widget\" data-widget_type=\"heading.default\">\n\t\t\t\t<div class=\"elementor-widget-container\">\n\t\t\t\t\t<h2 class=\"elementor-heading-title elementor-size-default\"><span style=\"color: #1E90FE\">Security &amp;<\/span>   Scalability<\/h2>\t\t\t\t<\/div>\n\t\t\t\t<\/div>\n\t\t\t\t<div class=\"elementor-element elementor-element-b8a1bc2 elementor-widget elementor-widget-text-editor\" data-id=\"b8a1bc2\" data-element_type=\"widget\" data-widget_type=\"text-editor.default\">\n\t\t\t\t<div class=\"elementor-widget-container translation-block\">The digital twin is technically simplified so that no sensitive construction or production data is stored or processed. This makes it nearly impossible to replicate the physical product.\nARmazing\u2019s platform is designed to grow with your portfolio. New products can be easily uploaded as standardized data packages to the cloud and integrated into existing projects immediately. Its modular architecture ensures that each product can be managed independently and rolled out flexibly.<br>\nThis combination of a minimalist data model and flexible cloud infrastructure creates a secure, easily scalable solution for mass product integration.<\/div>\n\t\t\t\t<\/div>\n\t\t\t\t<div class=\"elementor-element elementor-element-ba919dd elementor-button-info elementor-widget elementor-widget-button\" data-id=\"ba919dd\" data-element_type=\"widget\" data-widget_type=\"button.default\">\n\t\t\t\t<div class=\"elementor-widget-container\">\n\t\t\t\t\t\t\t\t\t<div class=\"elementor-button-wrapper\">\n\t\t\t\t\t<a class=\"elementor-button elementor-button-link elementor-size-sm\" href=\"#elementor-action%3Aaction%3Dpopup%3Aopen%26settings%3DeyJpZCI6IjMwMDAiLCJ0b2dnbGUiOmZhbHNlfQ%3D%3D\">\n\t\t\t\t\t\t<span class=\"elementor-button-content-wrapper\">\n\t\t\t\t\t\t\t\t\t<span class=\"elementor-button-text\">Book a Demo<\/span>\n\t\t\t\t\t<\/span>\n\t\t\t\t\t<\/a>\n\t\t\t\t<\/div>\n\t\t\t\t\t\t\t\t<\/div>\n\t\t\t\t<\/div>\n\t\t\t\t<\/div>\n\t\t<div class=\"elementor-element elementor-element-537cc2c e-con-full e-flex elementor-invisible e-con e-child\" data-id=\"537cc2c\" data-element_type=\"container\" data-settings=\"{&quot;animation&quot;:&quot;fadeInLeft&quot;}\">\n\t\t\t\t<div class=\"elementor-element elementor-element-c6e0e4b elementor-widget elementor-widget-image\" data-id=\"c6e0e4b\" data-element_type=\"widget\" data-widget_type=\"image.default\">\n\t\t\t\t<div class=\"elementor-widget-container\">\n\t\t\t\t\t\t\t\t\t\t\t\t\t\t\t<img loading=\"lazy\" decoding=\"async\" width=\"548\" height=\"643\" src=\"https:\/\/armazing.io\/wp-content\/uploads\/2025\/06\/Frame-21-5.webp\" class=\"attachment-full size-full wp-image-1643\" alt=\"\" srcset=\"https:\/\/armazing.io\/wp-content\/uploads\/2025\/06\/Frame-21-5.webp 548w, https:\/\/armazing.io\/wp-content\/uploads\/2025\/06\/Frame-21-5-256x300.webp 256w\" sizes=\"(max-width: 548px) 100vw, 548px\" \/>\t\t\t\t\t\t\t\t\t\t\t\t\t\t\t<\/div>\n\t\t\t\t<\/div>\n\t\t\t\t<\/div>\n\t\t\t\t<\/div>\n\t\t\t\t<\/div>\n\t\t\t\t<\/div>","protected":false},"excerpt":{"rendered":"<p>Technologie, die begeistert: Innovation erleben, Vorsprung sichern. Think ARmazing Einleitung ARmazing steht f\u00fcr innovative 3D- und AR-Erlebnisse, die auf einer hochentwickelten Technologieplattform basieren. Unsere L\u00f6sungen verbinden modernste Modellierung, performantes Rendering und intuitive Nutzerf\u00fchrung zu einem einzigartigen digitalen Erlebnis. Entdecken Sie, wie wir mit unserer Technologie Ihre Produkte und Marken zukunftssicher inszenieren. Wir setzen auf eine [&hellip;]<\/p>","protected":false},"author":2,"featured_media":0,"parent":0,"menu_order":0,"comment_status":"closed","ping_status":"closed","template":"elementor_header_footer","meta":{"footnotes":""},"class_list":["post-1265","page","type-page","status-publish","hentry"],"_links":{"self":[{"href":"https:\/\/armazing.io\/en\/wp-json\/wp\/v2\/pages\/1265","targetHints":{"allow":["GET"]}}],"collection":[{"href":"https:\/\/armazing.io\/en\/wp-json\/wp\/v2\/pages"}],"about":[{"href":"https:\/\/armazing.io\/en\/wp-json\/wp\/v2\/types\/page"}],"author":[{"embeddable":true,"href":"https:\/\/armazing.io\/en\/wp-json\/wp\/v2\/users\/2"}],"replies":[{"embeddable":true,"href":"https:\/\/armazing.io\/en\/wp-json\/wp\/v2\/comments?post=1265"}],"version-history":[{"count":25,"href":"https:\/\/armazing.io\/en\/wp-json\/wp\/v2\/pages\/1265\/revisions"}],"predecessor-version":[{"id":3468,"href":"https:\/\/armazing.io\/en\/wp-json\/wp\/v2\/pages\/1265\/revisions\/3468"}],"wp:attachment":[{"href":"https:\/\/armazing.io\/en\/wp-json\/wp\/v2\/media?parent=1265"}],"curies":[{"name":"wp","href":"https:\/\/api.w.org\/{rel}","templated":true}]}}